{"id":17,"date":"2024-09-02T19:52:07","date_gmt":"2024-09-02T19:52:07","guid":{"rendered":"https:\/\/remavo.be\/?page_id=17"},"modified":"2026-04-13T19:55:52","modified_gmt":"2026-04-13T19:55:52","slug":"activites","status":"publish","type":"page","link":"https:\/\/remavo.be\/nl\/activites\/","title":{"rendered":"Activiteiten"},"content":{"rendered":"<div data-elementor-type=\"wp-page\" data-elementor-id=\"17\" class=\"elementor elementor-17\">\n\t\t\t\t<div class=\"elementor-element elementor-element-a46dd65 e-flex e-con-boxed e-con e-parent\" data-id=\"a46dd65\" data-element_type=\"container\" data-settings=\"{&quot;background_background&quot;:&quot;classic&quot;}\">\n\t\t\t\t\t<div class=\"e-con-inner\">\n\t\t\t\t<div class=\"elementor-element elementor-element-06d12d4 elementor-widget elementor-widget-heading\" data-id=\"06d12d4\" data-element_type=\"widget\" data-widget_type=\"heading.default\">\n\t\t\t\t<div class=\"elementor-widget-container\">\n\t\t\t\t\t<h2 class=\"elementor-heading-title elementor-size-default\">Activiteiten<\/h2>\t\t\t\t<\/div>\n\t\t\t\t<\/div>\n\t\t\t\t\t<\/div>\n\t\t\t\t<\/div>\n\t\t<div class=\"elementor-element elementor-element-f8c7feb e-flex e-con-boxed e-con e-parent\" data-id=\"f8c7feb\" data-element_type=\"container\">\n\t\t\t\t\t<div class=\"e-con-inner\">\n\t\t<div class=\"elementor-element elementor-element-d5aa0d9 e-con-full e-flex e-con e-child\" data-id=\"d5aa0d9\" data-element_type=\"container\">\n\t\t\t\t<div class=\"elementor-element elementor-element-21b0381 elementor-widget elementor-widget-image\" data-id=\"21b0381\" data-element_type=\"widget\" data-widget_type=\"image.default\">\n\t\t\t\t<div class=\"elementor-widget-container\">\n\t\t\t\t\t\t\t\t\t\t\t\t\t\t\t<img fetchpriority=\"high\" decoding=\"async\" width=\"800\" height=\"700\" src=\"https:\/\/remavo.be\/wp-content\/uploads\/2024\/09\/image102-800x700-1.jpg\" class=\"attachment-large size-large wp-image-518\" alt=\"\" srcset=\"https:\/\/remavo.be\/wp-content\/uploads\/2024\/09\/image102-800x700-1.jpg 800w, https:\/\/remavo.be\/wp-content\/uploads\/2024\/09\/image102-800x700-1-300x263.jpg 300w, https:\/\/remavo.be\/wp-content\/uploads\/2024\/09\/image102-800x700-1-768x672.jpg 768w\" sizes=\"(max-width: 800px) 100vw, 800px\" \/>\t\t\t\t\t\t\t\t\t\t\t\t\t\t\t<\/div>\n\t\t\t\t<\/div>\n\t\t\t\t<\/div>\n\t\t<div class=\"elementor-element elementor-element-b25ff68 e-con-full e-flex e-con e-child\" data-id=\"b25ff68\" data-element_type=\"container\">\n\t\t\t\t<div class=\"elementor-element elementor-element-cc5b0eb elementor-widget elementor-widget-heading\" data-id=\"cc5b0eb\" data-element_type=\"widget\" data-widget_type=\"heading.default\">\n\t\t\t\t<div class=\"elementor-widget-container\">\n\t\t\t\t\t<h2 class=\"elementor-heading-title elementor-size-default\">Vacu\u00fcm grondverzet\n<\/h2>\t\t\t\t<\/div>\n\t\t\t\t<\/div>\n\t\t\t\t<div class=\"elementor-element elementor-element-3e22168 elementor-widget elementor-widget-text-editor\" data-id=\"3e22168\" data-element_type=\"widget\" data-widget_type=\"text-editor.default\">\n\t\t\t\t<div class=\"elementor-widget-container\">\n\t\t\t\t\t\t\t\t\t<div class=\"vc_row wpb_row vc_row-fluid vc_custom_1608284417980 vc_row-stretch vc_row-o-equal-height vc_row-o-content-middle vc_row-flex\" data-vc-full-width=\"true\" data-vc-full-width-init=\"true\"><div class=\"wpb_column vc_column_container vc_col-sm-6 vc_hidden-xs\"><div class=\"vc_column-inner\"><div class=\"wpb_wrapper\"><div class=\"wpb_text_column wpb_content_element  vc_custom_1603283481357\"><div class=\"wpb_wrapper\"><p class=\"p1\">De vacu\u00fcmwagen is een werktuig die zuigt terwijl grondwerken uitgevoerd worden. Het zuigt\nmaterialen op zoals puin, aarde, bouwafval, slib, pellets, papier, enz. Alles wordt naar de container\ngestuurd, die gemakkelijk, ter plaatse, in een afvalcontainer of rechtstreeks naar een stortplaats\nkan worden vervoerd en geleegd.<\/p><\/div><\/div><\/div><\/div><\/div><\/div>\t\t\t\t\t\t\t\t<\/div>\n\t\t\t\t<\/div>\n\t\t\t\t<\/div>\n\t\t\t\t\t<\/div>\n\t\t\t\t<\/div>\n\t\t<div class=\"elementor-element elementor-element-ba0766e e-flex e-con-boxed e-con e-parent\" data-id=\"ba0766e\" data-element_type=\"container\">\n\t\t\t\t\t<div class=\"e-con-inner\">\n\t\t<div class=\"elementor-element elementor-element-bac42bb e-con-full e-flex e-con e-child\" data-id=\"bac42bb\" data-element_type=\"container\">\n\t\t\t\t<div class=\"elementor-element elementor-element-60385a8 elementor-widget elementor-widget-heading\" data-id=\"60385a8\" data-element_type=\"widget\" data-widget_type=\"heading.default\">\n\t\t\t\t<div class=\"elementor-widget-container\">\n\t\t\t\t\t<h2 class=\"elementor-heading-title elementor-size-default\">Screening (zeven) ter plaatse\n<\/h2>\t\t\t\t<\/div>\n\t\t\t\t<\/div>\n\t\t\t\t<div class=\"elementor-element elementor-element-ee1bb06 elementor-widget elementor-widget-text-editor\" data-id=\"ee1bb06\" data-element_type=\"widget\" data-widget_type=\"text-editor.default\">\n\t\t\t\t<div class=\"elementor-widget-container\">\n\t\t\t\t\t\t\t\t\t<div class=\"wpb_column vc_column_container vc_col-sm-6 vc_hidden-xs col-has-padding col-padding-5 col-padding-right\"><div class=\"vc_column-inner\"><div class=\"wpb_wrapper\"><div class=\"wpb_text_column wpb_content_element  vc_custom_1606291622298\"><div class=\"wpb_wrapper\"><p class=\"p1\">Met dit proces kunnen we een deel van het materiaal direct op het werf sorteren. Dit bespaart op\ntransport- en stortkosten. Bovendien geven we prioriteit aan het hergebruik van materialen van de\nbouwplaats op dezelfde locatie.<\/p><\/div><\/div><\/div><\/div><\/div>\t\t\t\t\t\t\t\t<\/div>\n\t\t\t\t<\/div>\n\t\t\t\t<\/div>\n\t\t<div class=\"elementor-element elementor-element-fc36491 e-con-full e-flex e-con e-child\" data-id=\"fc36491\" data-element_type=\"container\">\n\t\t\t\t<div class=\"elementor-element elementor-element-9e2defb elementor-widget elementor-widget-image\" data-id=\"9e2defb\" data-element_type=\"widget\" data-widget_type=\"image.default\">\n\t\t\t\t<div class=\"elementor-widget-container\">\n\t\t\t\t\t\t\t\t\t\t\t\t\t\t\t<img decoding=\"async\" width=\"800\" height=\"740\" src=\"https:\/\/remavo.be\/wp-content\/uploads\/2024\/09\/DJI_0087-scaled-800x740-1.jpg\" class=\"attachment-large size-large wp-image-537\" alt=\"\" srcset=\"https:\/\/remavo.be\/wp-content\/uploads\/2024\/09\/DJI_0087-scaled-800x740-1.jpg 800w, https:\/\/remavo.be\/wp-content\/uploads\/2024\/09\/DJI_0087-scaled-800x740-1-300x278.jpg 300w, https:\/\/remavo.be\/wp-content\/uploads\/2024\/09\/DJI_0087-scaled-800x740-1-768x710.jpg 768w\" sizes=\"(max-width: 800px) 100vw, 800px\" \/>\t\t\t\t\t\t\t\t\t\t\t\t\t\t\t<\/div>\n\t\t\t\t<\/div>\n\t\t\t\t<\/div>\n\t\t\t\t\t<\/div>\n\t\t\t\t<\/div>\n\t\t<div class=\"elementor-element elementor-element-fe8950d e-flex e-con-boxed e-con e-parent\" data-id=\"fe8950d\" data-element_type=\"container\" data-settings=\"{&quot;background_background&quot;:&quot;classic&quot;}\">\n\t\t\t\t\t<div class=\"e-con-inner\">\n\t\t<div class=\"elementor-element elementor-element-40024d5 e-con-full e-flex e-con e-child\" data-id=\"40024d5\" data-element_type=\"container\">\n\t\t\t\t<div class=\"elementor-element elementor-element-df61f4c elementor-widget elementor-widget-heading\" data-id=\"df61f4c\" data-element_type=\"widget\" data-widget_type=\"heading.default\">\n\t\t\t\t<div class=\"elementor-widget-container\">\n\t\t\t\t\t<h2 class=\"elementor-heading-title elementor-size-default\">Een professioneel bedrijf nodig\n<\/h2>\t\t\t\t<\/div>\n\t\t\t\t<\/div>\n\t\t\t\t<div class=\"elementor-element elementor-element-1b0cd10 elementor-widget elementor-widget-heading\" data-id=\"1b0cd10\" data-element_type=\"widget\" data-widget_type=\"heading.default\">\n\t\t\t\t<div class=\"elementor-widget-container\">\n\t\t\t\t\t<h2 class=\"elementor-heading-title elementor-size-default\">voor uw werken?\n\n<\/h2>\t\t\t\t<\/div>\n\t\t\t\t<\/div>\n\t\t\t\t<\/div>\n\t\t\t\t<div class=\"elementor-element elementor-element-c243b20 elementor-widget elementor-widget-button\" data-id=\"c243b20\" data-element_type=\"widget\" data-widget_type=\"button.default\">\n\t\t\t\t<div class=\"elementor-widget-container\">\n\t\t\t\t\t\t\t\t\t<div class=\"elementor-button-wrapper\">\n\t\t\t\t\t<a class=\"elementor-button elementor-button-link elementor-size-sm\" href=\"#\">\n\t\t\t\t\t\t<span class=\"elementor-button-content-wrapper\">\n\t\t\t\t\t\t\t\t\t<span class=\"elementor-button-text\">Contacteer ons<\/span>\n\t\t\t\t\t<\/span>\n\t\t\t\t\t<\/a>\n\t\t\t\t<\/div>\n\t\t\t\t\t\t\t\t<\/div>\n\t\t\t\t<\/div>\n\t\t\t\t\t<\/div>\n\t\t\t\t<\/div>\n\t\t\t\t<\/div>","protected":false},"excerpt":{"rendered":"<p>Activit\u00e9s Terrassement par aspiration C\u2019est une m\u00e9thode qui vise \u00e0 utiliser un camion de terrassement par aspiration. La fonction principale de ce dernier est d\u2019aspirer diff\u00e9rents mat\u00e9riaux : terre, gravats, d\u00e9bris, etc. Criblage sur site C\u2019est un proc\u00e9d\u00e9 qui nous permet de trier une partie des mat\u00e9riaux directement sur site. Nous gagnons donc en transport [&hellip;]<\/p>","protected":false},"author":3,"featured_media":0,"parent":0,"menu_order":0,"comment_status":"closed","ping_status":"closed","template":"elementor_header_footer","meta":{"footnotes":""},"class_list":["post-17","page","type-page","status-publish","hentry"],"yoast_head":"<!-- This site is optimized with the Yoast SEO plugin v26.4 - https:\/\/yoast.com\/wordpress\/plugins\/seo\/ -->\n<title>Activit\u00e9s | Entreprise de recyclage de mat\u00e9riaux Pecq<\/title>\n<meta name=\"robots\" content=\"index, follow, max-snippet:-1, max-image-preview:large, max-video-preview:-1\" \/>\n<link rel=\"canonical\" href=\"https:\/\/remavo.be\/nl\/activites\/\" \/>\n<meta property=\"og:locale\" content=\"nl_BE\" \/>\n<meta property=\"og:type\" content=\"article\" \/>\n<meta property=\"og:title\" content=\"Activit\u00e9s | Entreprise de recyclage de mat\u00e9riaux Pecq\" \/>\n<meta property=\"og:description\" content=\"Activit\u00e9s Terrassement par aspiration C\u2019est une m\u00e9thode qui vise \u00e0 utiliser un camion de terrassement par aspiration. La fonction principale de ce dernier est d\u2019aspirer diff\u00e9rents mat\u00e9riaux : terre, gravats, d\u00e9bris, etc. Criblage sur site C\u2019est un proc\u00e9d\u00e9 qui nous permet de trier une partie des mat\u00e9riaux directement sur site. Nous gagnons donc en transport [&hellip;]\" \/>\n<meta property=\"og:url\" content=\"https:\/\/remavo.be\/nl\/activites\/\" \/>\n<meta property=\"og:site_name\" content=\"Remavo\" \/>\n<meta property=\"article:modified_time\" content=\"2026-04-13T19:55:52+00:00\" \/>\n<meta property=\"og:image\" content=\"https:\/\/remavo.be\/wp-content\/uploads\/2024\/09\/image102-800x700-1.jpg\" \/>\n\t<meta property=\"og:image:width\" content=\"800\" \/>\n\t<meta property=\"og:image:height\" content=\"700\" \/>\n\t<meta property=\"og:image:type\" content=\"image\/jpeg\" \/>\n<meta name=\"twitter:card\" content=\"summary_large_image\" \/>\n<meta name=\"twitter:label1\" content=\"Geschatte leestijd\" \/>\n\t<meta name=\"twitter:data1\" content=\"1 minuut\" \/>\n<script type=\"application\/ld+json\" class=\"yoast-schema-graph\">{\"@context\":\"https:\/\/schema.org\",\"@graph\":[{\"@type\":\"WebPage\",\"@id\":\"https:\/\/remavo.be\/activites\/\",\"url\":\"https:\/\/remavo.be\/activites\/\",\"name\":\"Activit\u00e9s | Entreprise de recyclage de mat\u00e9riaux Pecq\",\"isPartOf\":{\"@id\":\"https:\/\/remavo.be\/#website\"},\"primaryImageOfPage\":{\"@id\":\"https:\/\/remavo.be\/activites\/#primaryimage\"},\"image\":{\"@id\":\"https:\/\/remavo.be\/activites\/#primaryimage\"},\"thumbnailUrl\":\"https:\/\/remavo.be\/wp-content\/uploads\/2024\/09\/image102-800x700-1.jpg\",\"datePublished\":\"2024-09-02T19:52:07+00:00\",\"dateModified\":\"2026-04-13T19:55:52+00:00\",\"breadcrumb\":{\"@id\":\"https:\/\/remavo.be\/activites\/#breadcrumb\"},\"inLanguage\":\"nl-BE\",\"potentialAction\":[{\"@type\":\"ReadAction\",\"target\":[\"https:\/\/remavo.be\/activites\/\"]}]},{\"@type\":\"ImageObject\",\"inLanguage\":\"nl-BE\",\"@id\":\"https:\/\/remavo.be\/activites\/#primaryimage\",\"url\":\"https:\/\/remavo.be\/wp-content\/uploads\/2024\/09\/image102-800x700-1.jpg\",\"contentUrl\":\"https:\/\/remavo.be\/wp-content\/uploads\/2024\/09\/image102-800x700-1.jpg\"},{\"@type\":\"BreadcrumbList\",\"@id\":\"https:\/\/remavo.be\/activites\/#breadcrumb\",\"itemListElement\":[{\"@type\":\"ListItem\",\"position\":1,\"name\":\"Accueil\",\"item\":\"https:\/\/remavo.be\/\"},{\"@type\":\"ListItem\",\"position\":2,\"name\":\"Activit\u00e9s\"}]},{\"@type\":\"WebSite\",\"@id\":\"https:\/\/remavo.be\/#website\",\"url\":\"https:\/\/remavo.be\/\",\"name\":\"Remavo\",\"description\":\"Entreprise de recyclage de mat\u00e9riaux\",\"publisher\":{\"@id\":\"https:\/\/remavo.be\/#organization\"},\"potentialAction\":[{\"@type\":\"SearchAction\",\"target\":{\"@type\":\"EntryPoint\",\"urlTemplate\":\"https:\/\/remavo.be\/?s={search_term_string}\"},\"query-input\":{\"@type\":\"PropertyValueSpecification\",\"valueRequired\":true,\"valueName\":\"search_term_string\"}}],\"inLanguage\":\"nl-BE\"},{\"@type\":\"Organization\",\"@id\":\"https:\/\/remavo.be\/#organization\",\"name\":\"Remavo\",\"url\":\"https:\/\/remavo.be\/\",\"logo\":{\"@type\":\"ImageObject\",\"inLanguage\":\"nl-BE\",\"@id\":\"https:\/\/remavo.be\/#\/schema\/logo\/image\/\",\"url\":\"https:\/\/remavo.be\/wp-content\/uploads\/2024\/08\/REMAVO.jpg\",\"contentUrl\":\"https:\/\/remavo.be\/wp-content\/uploads\/2024\/08\/REMAVO.jpg\",\"width\":1500,\"height\":591,\"caption\":\"Remavo\"},\"image\":{\"@id\":\"https:\/\/remavo.be\/#\/schema\/logo\/image\/\"}}]}<\/script>\n<!-- \/ Yoast SEO plugin. -->","yoast_head_json":{"title":"Activit\u00e9s | Entreprise de recyclage de mat\u00e9riaux Pecq","robots":{"index":"index","follow":"follow","max-snippet":"max-snippet:-1","max-image-preview":"max-image-preview:large","max-video-preview":"max-video-preview:-1"},"canonical":"https:\/\/remavo.be\/nl\/activites\/","og_locale":"nl_BE","og_type":"article","og_title":"Activit\u00e9s | Entreprise de recyclage de mat\u00e9riaux Pecq","og_description":"Activit\u00e9s Terrassement par aspiration C\u2019est une m\u00e9thode qui vise \u00e0 utiliser un camion de terrassement par aspiration. La fonction principale de ce dernier est d\u2019aspirer diff\u00e9rents mat\u00e9riaux : terre, gravats, d\u00e9bris, etc. Criblage sur site C\u2019est un proc\u00e9d\u00e9 qui nous permet de trier une partie des mat\u00e9riaux directement sur site. Nous gagnons donc en transport [&hellip;]","og_url":"https:\/\/remavo.be\/nl\/activites\/","og_site_name":"Remavo","article_modified_time":"2026-04-13T19:55:52+00:00","og_image":[{"width":800,"height":700,"url":"https:\/\/remavo.be\/wp-content\/uploads\/2024\/09\/image102-800x700-1.jpg","type":"image\/jpeg"}],"twitter_card":"summary_large_image","twitter_misc":{"Geschatte leestijd":"1 minuut"},"schema":{"@context":"https:\/\/schema.org","@graph":[{"@type":"WebPage","@id":"https:\/\/remavo.be\/activites\/","url":"https:\/\/remavo.be\/activites\/","name":"Activit\u00e9s | Entreprise de recyclage de mat\u00e9riaux Pecq","isPartOf":{"@id":"https:\/\/remavo.be\/#website"},"primaryImageOfPage":{"@id":"https:\/\/remavo.be\/activites\/#primaryimage"},"image":{"@id":"https:\/\/remavo.be\/activites\/#primaryimage"},"thumbnailUrl":"https:\/\/remavo.be\/wp-content\/uploads\/2024\/09\/image102-800x700-1.jpg","datePublished":"2024-09-02T19:52:07+00:00","dateModified":"2026-04-13T19:55:52+00:00","breadcrumb":{"@id":"https:\/\/remavo.be\/activites\/#breadcrumb"},"inLanguage":"nl-BE","potentialAction":[{"@type":"ReadAction","target":["https:\/\/remavo.be\/activites\/"]}]},{"@type":"ImageObject","inLanguage":"nl-BE","@id":"https:\/\/remavo.be\/activites\/#primaryimage","url":"https:\/\/remavo.be\/wp-content\/uploads\/2024\/09\/image102-800x700-1.jpg","contentUrl":"https:\/\/remavo.be\/wp-content\/uploads\/2024\/09\/image102-800x700-1.jpg"},{"@type":"BreadcrumbList","@id":"https:\/\/remavo.be\/activites\/#breadcrumb","itemListElement":[{"@type":"ListItem","position":1,"name":"Accueil","item":"https:\/\/remavo.be\/"},{"@type":"ListItem","position":2,"name":"Activit\u00e9s"}]},{"@type":"WebSite","@id":"https:\/\/remavo.be\/#website","url":"https:\/\/remavo.be\/","name":"Remavo","description":"Entreprise de recyclage de mat\u00e9riaux","publisher":{"@id":"https:\/\/remavo.be\/#organization"},"potentialAction":[{"@type":"SearchAction","target":{"@type":"EntryPoint","urlTemplate":"https:\/\/remavo.be\/?s={search_term_string}"},"query-input":{"@type":"PropertyValueSpecification","valueRequired":true,"valueName":"search_term_string"}}],"inLanguage":"nl-BE"},{"@type":"Organization","@id":"https:\/\/remavo.be\/#organization","name":"Remavo","url":"https:\/\/remavo.be\/","logo":{"@type":"ImageObject","inLanguage":"nl-BE","@id":"https:\/\/remavo.be\/#\/schema\/logo\/image\/","url":"https:\/\/remavo.be\/wp-content\/uploads\/2024\/08\/REMAVO.jpg","contentUrl":"https:\/\/remavo.be\/wp-content\/uploads\/2024\/08\/REMAVO.jpg","width":1500,"height":591,"caption":"Remavo"},"image":{"@id":"https:\/\/remavo.be\/#\/schema\/logo\/image\/"}}]}},"_links":{"self":[{"href":"https:\/\/remavo.be\/nl\/wp-json\/wp\/v2\/pages\/17","targetHints":{"allow":["GET"]}}],"collection":[{"href":"https:\/\/remavo.be\/nl\/wp-json\/wp\/v2\/pages"}],"about":[{"href":"https:\/\/remavo.be\/nl\/wp-json\/wp\/v2\/types\/page"}],"author":[{"embeddable":true,"href":"https:\/\/remavo.be\/nl\/wp-json\/wp\/v2\/users\/3"}],"replies":[{"embeddable":true,"href":"https:\/\/remavo.be\/nl\/wp-json\/wp\/v2\/comments?post=17"}],"version-history":[{"count":14,"href":"https:\/\/remavo.be\/nl\/wp-json\/wp\/v2\/pages\/17\/revisions"}],"predecessor-version":[{"id":603,"href":"https:\/\/remavo.be\/nl\/wp-json\/wp\/v2\/pages\/17\/revisions\/603"}],"wp:attachment":[{"href":"https:\/\/remavo.be\/nl\/wp-json\/wp\/v2\/media?parent=17"}],"curies":[{"name":"wp","href":"https:\/\/api.w.org\/{rel}","templated":true}]}}