{"id":19,"date":"2024-09-02T19:52:28","date_gmt":"2024-09-02T19:52:28","guid":{"rendered":"https:\/\/remavo.be\/?page_id=19"},"modified":"2026-04-13T19:55:51","modified_gmt":"2026-04-13T19:55:51","slug":"realisations","status":"publish","type":"page","link":"https:\/\/remavo.be\/nl\/realisations\/","title":{"rendered":"Prestaties"},"content":{"rendered":"<div data-elementor-type=\"wp-page\" data-elementor-id=\"19\" class=\"elementor elementor-19\">\n\t\t\t\t<div class=\"elementor-element elementor-element-fccd75b e-flex e-con-boxed e-con e-parent\" data-id=\"fccd75b\" data-element_type=\"container\" data-settings=\"{&quot;background_background&quot;:&quot;classic&quot;}\">\n\t\t\t\t\t<div class=\"e-con-inner\">\n\t\t\t\t<div class=\"elementor-element elementor-element-fefa419 elementor-widget elementor-widget-heading\" data-id=\"fefa419\" data-element_type=\"widget\" data-widget_type=\"heading.default\">\n\t\t\t\t<div class=\"elementor-widget-container\">\n\t\t\t\t\t<h2 class=\"elementor-heading-title elementor-size-default\">Prestaties<\/h2>\t\t\t\t<\/div>\n\t\t\t\t<\/div>\n\t\t\t\t\t<\/div>\n\t\t\t\t<\/div>\n\t\t<div class=\"elementor-element elementor-element-54d4264 e-flex e-con-boxed e-con e-parent\" data-id=\"54d4264\" data-element_type=\"container\">\n\t\t\t\t\t<div class=\"e-con-inner\">\n\t\t<div class=\"elementor-element elementor-element-435e27e e-con-full on-hover-container e-flex e-con e-child\" data-id=\"435e27e\" data-element_type=\"container\" data-settings=\"{&quot;background_background&quot;:&quot;classic&quot;}\">\n\t\t\t\t<div class=\"elementor-element elementor-element-c9879c5 on-hover-text elementor-widget elementor-widget-heading\" data-id=\"c9879c5\" data-element_type=\"widget\" data-widget_type=\"heading.default\">\n\t\t\t\t<div class=\"elementor-widget-container\">\n\t\t\t\t\t<h2 class=\"elementor-heading-title elementor-size-default\">Vacu\u00fcm grondverzet\n<\/h2>\t\t\t\t<\/div>\n\t\t\t\t<\/div>\n\t\t\t\t<div class=\"elementor-element elementor-element-63c6141 on-hover-text elementor-widget elementor-widget-button\" data-id=\"63c6141\" data-element_type=\"widget\" data-widget_type=\"button.default\">\n\t\t\t\t<div class=\"elementor-widget-container\">\n\t\t\t\t\t\t\t\t\t<div class=\"elementor-button-wrapper\">\n\t\t\t\t\t<a class=\"elementor-button elementor-button-link elementor-size-sm\" href=\"https:\/\/remavo.be\/nl\/realisations\/terrassement-par-aspiration\/\">\n\t\t\t\t\t\t<span class=\"elementor-button-content-wrapper\">\n\t\t\t\t\t\t\t\t\t<span class=\"elementor-button-text\">Lees meer<\/span>\n\t\t\t\t\t<\/span>\n\t\t\t\t\t<\/a>\n\t\t\t\t<\/div>\n\t\t\t\t\t\t\t\t<\/div>\n\t\t\t\t<\/div>\n\t\t\t\t<\/div>\n\t\t<div class=\"elementor-element elementor-element-ff51cd8 e-con-full on-hover-container e-flex e-con e-child\" data-id=\"ff51cd8\" data-element_type=\"container\" data-settings=\"{&quot;background_background&quot;:&quot;classic&quot;}\">\n\t\t\t\t<div class=\"elementor-element elementor-element-cdb070b on-hover-text elementor-widget elementor-widget-heading\" data-id=\"cdb070b\" data-element_type=\"widget\" data-widget_type=\"heading.default\">\n\t\t\t\t<div class=\"elementor-widget-container\">\n\t\t\t\t\t<h2 class=\"elementor-heading-title elementor-size-default\">Screening (zeven) ter plaatse\n<\/h2>\t\t\t\t<\/div>\n\t\t\t\t<\/div>\n\t\t\t\t<div class=\"elementor-element elementor-element-1918fa5 on-hover-text elementor-widget elementor-widget-button\" data-id=\"1918fa5\" data-element_type=\"widget\" data-widget_type=\"button.default\">\n\t\t\t\t<div class=\"elementor-widget-container\">\n\t\t\t\t\t\t\t\t\t<div class=\"elementor-button-wrapper\">\n\t\t\t\t\t<a class=\"elementor-button elementor-button-link elementor-size-sm\" href=\"https:\/\/remavo.be\/nl\/realisations\/criblage-sur-site\/\">\n\t\t\t\t\t\t<span class=\"elementor-button-content-wrapper\">\n\t\t\t\t\t\t\t\t\t<span class=\"elementor-button-text\">Lees meer<\/span>\n\t\t\t\t\t<\/span>\n\t\t\t\t\t<\/a>\n\t\t\t\t<\/div>\n\t\t\t\t\t\t\t\t<\/div>\n\t\t\t\t<\/div>\n\t\t\t\t<\/div>\n\t\t<div class=\"elementor-element elementor-element-e7233ef e-con-full e-flex e-con e-child\" data-id=\"e7233ef\" data-element_type=\"container\">\n\t\t\t\t<\/div>\n\t\t\t\t\t<\/div>\n\t\t\t\t<\/div>\n\t\t<div class=\"elementor-element elementor-element-7543300 e-flex e-con-boxed e-con e-parent\" data-id=\"7543300\" data-element_type=\"container\" data-settings=\"{&quot;background_background&quot;:&quot;classic&quot;}\">\n\t\t\t\t\t<div class=\"e-con-inner\">\n\t\t<div class=\"elementor-element elementor-element-062d55f e-con-full e-flex e-con e-child\" data-id=\"062d55f\" data-element_type=\"container\">\n\t\t\t\t<div class=\"elementor-element elementor-element-2c21f6b elementor-widget elementor-widget-heading\" data-id=\"2c21f6b\" data-element_type=\"widget\" data-widget_type=\"heading.default\">\n\t\t\t\t<div class=\"elementor-widget-container\">\n\t\t\t\t\t<h2 class=\"elementor-heading-title elementor-size-default\">BESOIN D'UNE ENTREPRISE DE TRAVAUX\n<\/h2>\t\t\t\t<\/div>\n\t\t\t\t<\/div>\n\t\t\t\t<div class=\"elementor-element elementor-element-913b337 elementor-widget elementor-widget-heading\" data-id=\"913b337\" data-element_type=\"widget\" data-widget_type=\"heading.default\">\n\t\t\t\t<div class=\"elementor-widget-container\">\n\t\t\t\t\t<h2 class=\"elementor-heading-title elementor-size-default\">voor uw werken?<\/h2>\t\t\t\t<\/div>\n\t\t\t\t<\/div>\n\t\t\t\t<\/div>\n\t\t\t\t<div class=\"elementor-element elementor-element-e0074ab elementor-widget elementor-widget-button\" data-id=\"e0074ab\" data-element_type=\"widget\" data-widget_type=\"button.default\">\n\t\t\t\t<div class=\"elementor-widget-container\">\n\t\t\t\t\t\t\t\t\t<div class=\"elementor-button-wrapper\">\n\t\t\t\t\t<a class=\"elementor-button elementor-button-link elementor-size-sm\" href=\"#\">\n\t\t\t\t\t\t<span class=\"elementor-button-content-wrapper\">\n\t\t\t\t\t\t\t\t\t<span class=\"elementor-button-text\">Contacteer ons<\/span>\n\t\t\t\t\t<\/span>\n\t\t\t\t\t<\/a>\n\t\t\t\t<\/div>\n\t\t\t\t\t\t\t\t<\/div>\n\t\t\t\t<\/div>\n\t\t\t\t\t<\/div>\n\t\t\t\t<\/div>\n\t\t\t\t<\/div>","protected":false},"excerpt":{"rendered":"<p>R\u00e9alisations Terrassement par aspiration En voir plus Criblage sur site En voir plus BESOIN D&rsquo;UNE ENTREPRISE DE TRAVAUX POUR VOS TRAVAUX ? Contactez-nous<\/p>","protected":false},"author":3,"featured_media":0,"parent":0,"menu_order":0,"comment_status":"closed","ping_status":"closed","template":"elementor_header_footer","meta":{"footnotes":""},"class_list":["post-19","page","type-page","status-publish","hentry"],"yoast_head":"<!-- This site is optimized with the Yoast SEO plugin v26.4 - https:\/\/yoast.com\/wordpress\/plugins\/seo\/ -->\n<title>R\u00e9alisations | Entreprise de recyclage de mat\u00e9riaux Pecq<\/title>\n<meta name=\"robots\" content=\"index, follow, max-snippet:-1, max-image-preview:large, max-video-preview:-1\" \/>\n<link rel=\"canonical\" href=\"https:\/\/remavo.be\/nl\/realisations\/\" \/>\n<meta property=\"og:locale\" content=\"nl_BE\" \/>\n<meta property=\"og:type\" content=\"article\" \/>\n<meta property=\"og:title\" content=\"R\u00e9alisations | Entreprise de recyclage de mat\u00e9riaux Pecq\" \/>\n<meta property=\"og:description\" content=\"R\u00e9alisations Terrassement par aspiration En voir plus Criblage sur site En voir plus BESOIN D&rsquo;UNE ENTREPRISE DE TRAVAUX POUR VOS TRAVAUX ? Contactez-nous\" \/>\n<meta property=\"og:url\" content=\"https:\/\/remavo.be\/nl\/realisations\/\" \/>\n<meta property=\"og:site_name\" content=\"Remavo\" \/>\n<meta property=\"article:modified_time\" content=\"2026-04-13T19:55:51+00:00\" \/>\n<meta name=\"twitter:card\" content=\"summary_large_image\" \/>\n<meta name=\"twitter:label1\" content=\"Geschatte leestijd\" \/>\n\t<meta name=\"twitter:data1\" content=\"1 minuut\" \/>\n<script type=\"application\/ld+json\" class=\"yoast-schema-graph\">{\"@context\":\"https:\/\/schema.org\",\"@graph\":[{\"@type\":\"WebPage\",\"@id\":\"https:\/\/remavo.be\/realisations\/\",\"url\":\"https:\/\/remavo.be\/realisations\/\",\"name\":\"R\u00e9alisations | Entreprise de recyclage de mat\u00e9riaux Pecq\",\"isPartOf\":{\"@id\":\"https:\/\/remavo.be\/#website\"},\"datePublished\":\"2024-09-02T19:52:28+00:00\",\"dateModified\":\"2026-04-13T19:55:51+00:00\",\"breadcrumb\":{\"@id\":\"https:\/\/remavo.be\/realisations\/#breadcrumb\"},\"inLanguage\":\"nl-BE\",\"potentialAction\":[{\"@type\":\"ReadAction\",\"target\":[\"https:\/\/remavo.be\/realisations\/\"]}]},{\"@type\":\"BreadcrumbList\",\"@id\":\"https:\/\/remavo.be\/realisations\/#breadcrumb\",\"itemListElement\":[{\"@type\":\"ListItem\",\"position\":1,\"name\":\"Accueil\",\"item\":\"https:\/\/remavo.be\/\"},{\"@type\":\"ListItem\",\"position\":2,\"name\":\"R\u00e9alisations\"}]},{\"@type\":\"WebSite\",\"@id\":\"https:\/\/remavo.be\/#website\",\"url\":\"https:\/\/remavo.be\/\",\"name\":\"Remavo\",\"description\":\"Entreprise de recyclage de mat\u00e9riaux\",\"publisher\":{\"@id\":\"https:\/\/remavo.be\/#organization\"},\"potentialAction\":[{\"@type\":\"SearchAction\",\"target\":{\"@type\":\"EntryPoint\",\"urlTemplate\":\"https:\/\/remavo.be\/?s={search_term_string}\"},\"query-input\":{\"@type\":\"PropertyValueSpecification\",\"valueRequired\":true,\"valueName\":\"search_term_string\"}}],\"inLanguage\":\"nl-BE\"},{\"@type\":\"Organization\",\"@id\":\"https:\/\/remavo.be\/#organization\",\"name\":\"Remavo\",\"url\":\"https:\/\/remavo.be\/\",\"logo\":{\"@type\":\"ImageObject\",\"inLanguage\":\"nl-BE\",\"@id\":\"https:\/\/remavo.be\/#\/schema\/logo\/image\/\",\"url\":\"https:\/\/remavo.be\/wp-content\/uploads\/2024\/08\/REMAVO.jpg\",\"contentUrl\":\"https:\/\/remavo.be\/wp-content\/uploads\/2024\/08\/REMAVO.jpg\",\"width\":1500,\"height\":591,\"caption\":\"Remavo\"},\"image\":{\"@id\":\"https:\/\/remavo.be\/#\/schema\/logo\/image\/\"}}]}<\/script>\n<!-- \/ Yoast SEO plugin. -->","yoast_head_json":{"title":"R\u00e9alisations | Entreprise de recyclage de mat\u00e9riaux Pecq","robots":{"index":"index","follow":"follow","max-snippet":"max-snippet:-1","max-image-preview":"max-image-preview:large","max-video-preview":"max-video-preview:-1"},"canonical":"https:\/\/remavo.be\/nl\/realisations\/","og_locale":"nl_BE","og_type":"article","og_title":"R\u00e9alisations | Entreprise de recyclage de mat\u00e9riaux Pecq","og_description":"R\u00e9alisations Terrassement par aspiration En voir plus Criblage sur site En voir plus BESOIN D&rsquo;UNE ENTREPRISE DE TRAVAUX POUR VOS TRAVAUX ? Contactez-nous","og_url":"https:\/\/remavo.be\/nl\/realisations\/","og_site_name":"Remavo","article_modified_time":"2026-04-13T19:55:51+00:00","twitter_card":"summary_large_image","twitter_misc":{"Geschatte leestijd":"1 minuut"},"schema":{"@context":"https:\/\/schema.org","@graph":[{"@type":"WebPage","@id":"https:\/\/remavo.be\/realisations\/","url":"https:\/\/remavo.be\/realisations\/","name":"R\u00e9alisations | Entreprise de recyclage de mat\u00e9riaux Pecq","isPartOf":{"@id":"https:\/\/remavo.be\/#website"},"datePublished":"2024-09-02T19:52:28+00:00","dateModified":"2026-04-13T19:55:51+00:00","breadcrumb":{"@id":"https:\/\/remavo.be\/realisations\/#breadcrumb"},"inLanguage":"nl-BE","potentialAction":[{"@type":"ReadAction","target":["https:\/\/remavo.be\/realisations\/"]}]},{"@type":"BreadcrumbList","@id":"https:\/\/remavo.be\/realisations\/#breadcrumb","itemListElement":[{"@type":"ListItem","position":1,"name":"Accueil","item":"https:\/\/remavo.be\/"},{"@type":"ListItem","position":2,"name":"R\u00e9alisations"}]},{"@type":"WebSite","@id":"https:\/\/remavo.be\/#website","url":"https:\/\/remavo.be\/","name":"Remavo","description":"Entreprise de recyclage de mat\u00e9riaux","publisher":{"@id":"https:\/\/remavo.be\/#organization"},"potentialAction":[{"@type":"SearchAction","target":{"@type":"EntryPoint","urlTemplate":"https:\/\/remavo.be\/?s={search_term_string}"},"query-input":{"@type":"PropertyValueSpecification","valueRequired":true,"valueName":"search_term_string"}}],"inLanguage":"nl-BE"},{"@type":"Organization","@id":"https:\/\/remavo.be\/#organization","name":"Remavo","url":"https:\/\/remavo.be\/","logo":{"@type":"ImageObject","inLanguage":"nl-BE","@id":"https:\/\/remavo.be\/#\/schema\/logo\/image\/","url":"https:\/\/remavo.be\/wp-content\/uploads\/2024\/08\/REMAVO.jpg","contentUrl":"https:\/\/remavo.be\/wp-content\/uploads\/2024\/08\/REMAVO.jpg","width":1500,"height":591,"caption":"Remavo"},"image":{"@id":"https:\/\/remavo.be\/#\/schema\/logo\/image\/"}}]}},"_links":{"self":[{"href":"https:\/\/remavo.be\/nl\/wp-json\/wp\/v2\/pages\/19","targetHints":{"allow":["GET"]}}],"collection":[{"href":"https:\/\/remavo.be\/nl\/wp-json\/wp\/v2\/pages"}],"about":[{"href":"https:\/\/remavo.be\/nl\/wp-json\/wp\/v2\/types\/page"}],"author":[{"embeddable":true,"href":"https:\/\/remavo.be\/nl\/wp-json\/wp\/v2\/users\/3"}],"replies":[{"embeddable":true,"href":"https:\/\/remavo.be\/nl\/wp-json\/wp\/v2\/comments?post=19"}],"version-history":[{"count":53,"href":"https:\/\/remavo.be\/nl\/wp-json\/wp\/v2\/pages\/19\/revisions"}],"predecessor-version":[{"id":605,"href":"https:\/\/remavo.be\/nl\/wp-json\/wp\/v2\/pages\/19\/revisions\/605"}],"wp:attachment":[{"href":"https:\/\/remavo.be\/nl\/wp-json\/wp\/v2\/media?parent=19"}],"curies":[{"name":"wp","href":"https:\/\/api.w.org\/{rel}","templated":true}]}}