{"id":26,"date":"2024-09-02T19:53:17","date_gmt":"2024-09-02T19:53:17","guid":{"rendered":"https:\/\/remavo.be\/?page_id=26"},"modified":"2026-04-13T19:55:51","modified_gmt":"2026-04-13T19:55:51","slug":"contact","status":"publish","type":"page","link":"https:\/\/remavo.be\/nl\/contact\/","title":{"rendered":"Contact"},"content":{"rendered":"<div data-elementor-type=\"wp-page\" data-elementor-id=\"26\" class=\"elementor elementor-26\">\n\t\t\t\t<div class=\"elementor-element elementor-element-414b476 e-con-full e-flex e-con e-parent\" data-id=\"414b476\" data-element_type=\"container\">\n\t\t\t\t<div class=\"elementor-element elementor-element-8d1c414 elementor-widget elementor-widget-google_maps\" data-id=\"8d1c414\" data-element_type=\"widget\" data-widget_type=\"google_maps.default\">\n\t\t\t\t<div class=\"elementor-widget-container\">\n\t\t\t\t\t\t\t<div class=\"elementor-custom-embed\">\n\t\t\t<iframe loading=\"lazy\"\n\t\t\t\t\tsrc=\"https:\/\/maps.google.com\/maps?q=Entreprises%20Pierre%20Petit%20Sprl&#038;t=m&#038;z=14&#038;output=embed&#038;iwloc=near\"\n\t\t\t\t\ttitle=\"Entreprises Pierre Petit Sprl\"\n\t\t\t\t\taria-label=\"Entreprises Pierre Petit Sprl\"\n\t\t\t><\/iframe>\n\t\t<\/div>\n\t\t\t\t\t\t<\/div>\n\t\t\t\t<\/div>\n\t\t\t\t<\/div>\n\t\t<div class=\"elementor-element elementor-element-4fad310 e-flex e-con-boxed e-con e-parent\" data-id=\"4fad310\" data-element_type=\"container\">\n\t\t\t\t\t<div class=\"e-con-inner\">\n\t\t<div class=\"elementor-element elementor-element-7fc19d6 e-con-full e-flex e-con e-child\" data-id=\"7fc19d6\" data-element_type=\"container\">\n\t\t\t\t<div class=\"elementor-element elementor-element-8386bcf elementor-widget elementor-widget-heading\" data-id=\"8386bcf\" data-element_type=\"widget\" data-widget_type=\"heading.default\">\n\t\t\t\t<div class=\"elementor-widget-container\">\n\t\t\t\t\t<h2 class=\"elementor-heading-title elementor-size-default\">Contactformulier\n<\/h2>\t\t\t\t<\/div>\n\t\t\t\t<\/div>\n\t\t\t\t<div class=\"elementor-element elementor-element-c0a65eb elementor-widget elementor-widget-shortcode\" data-id=\"c0a65eb\" data-element_type=\"widget\" data-widget_type=\"shortcode.default\">\n\t\t\t\t<div class=\"elementor-widget-container\">\n\t\t\t\t\t\t\t<div class=\"elementor-shortcode\"><div class=\"forminator-ui forminator-custom-form forminator-custom-form-150 forminator-design--default  forminator_ajax\" data-forminator-render=\"0\" data-form=\"forminator-module-150\" data-uid=\"69dfd669d8dbc\"><br\/><\/div><form\n\t\t\t\tid=\"forminator-module-150\"\n\t\t\t\tclass=\"forminator-ui forminator-custom-form forminator-custom-form-150 forminator-design--default  forminator_ajax\"\n\t\t\t\tmethod=\"post\"\n\t\t\t\tdata-forminator-render=\"0\"\n\t\t\t\tdata-form-id=\"150\"\n\t\t\t\tenctype=\"multipart\/form-data\" data-color-option=\"default\" data-design=\"default\" data-grid=\"open\" style=\"display: none;\"\n\t\t\t\tdata-uid=\"69dfd669d8dbc\" action=\"\"\n\t\t\t><div role=\"alert\" aria-live=\"polite\" class=\"forminator-response-message forminator-error\" aria-hidden=\"true\"><\/div><div class=\"forminator-row\"><div id=\"name-1\" class=\"forminator-field-name forminator-col forminator-col-6  hide-label\"><div class=\"forminator-field\"><label for=\"forminator-field-name-1_69dfd669d8dbc\" id=\"forminator-field-name-1_69dfd669d8dbc-label\" class=\"forminator-label\">Nom <span class=\"forminator-required\">*<\/span><\/label><input type=\"text\" name=\"name-1\" value=\"\" placeholder=\"Naam *\" id=\"forminator-field-name-1_69dfd669d8dbc\" class=\"forminator-input forminator-name--field\" aria-required=\"true\" autocomplete=\"name\" \/><\/div><\/div><div id=\"email-1\" class=\"forminator-field-email forminator-col forminator-col-6  hide-label\"><div class=\"forminator-field\"><label for=\"forminator-field-email-1_69dfd669d8dbc\" id=\"forminator-field-email-1_69dfd669d8dbc-label\" class=\"forminator-label\">E-mail <span class=\"forminator-required\">*<\/span><\/label><input type=\"email\" name=\"email-1\" value=\"\" placeholder=\"E-mail *\" id=\"forminator-field-email-1_69dfd669d8dbc\" class=\"forminator-input forminator-email--field\" data-required=\"true\" aria-required=\"true\" autocomplete=\"email\" \/><\/div><\/div><\/div><div class=\"forminator-row\"><div id=\"text-1\" class=\"forminator-field-text forminator-col forminator-col-12  hide-label\"><div class=\"forminator-field\"><label for=\"forminator-field-text-1_69dfd669d8dbc\" id=\"forminator-field-text-1_69dfd669d8dbc-label\" class=\"forminator-label\">Onderwerp<\/label><input type=\"text\" name=\"text-1\" value=\"\" placeholder=\"Onderwerp\" id=\"forminator-field-text-1_69dfd669d8dbc\" class=\"forminator-input forminator-name--field\" data-required=\"\" \/><\/div><\/div><\/div><div class=\"forminator-row\"><div id=\"textarea-1\" class=\"forminator-field-textarea forminator-col forminator-col-12  hide-label\"><div class=\"forminator-field\"><label for=\"forminator-field-textarea-1_69dfd669d8dbc\" id=\"forminator-field-textarea-1_69dfd669d8dbc-label\" class=\"forminator-label\">Message<\/label><textarea name=\"textarea-1\" placeholder=\"Message\" id=\"forminator-field-textarea-1_69dfd669d8dbc\" class=\"forminator-textarea\" rows=\"6\" style=\"min-height:140px;\" ><\/textarea><\/div><\/div><\/div><div class=\"forminator-row\"><div id=\"upload-1\" class=\"forminator-field-upload forminator-col forminator-col-12\"><div class=\"forminator-field\"><label for=\"forminator-field-upload-1_69dfd669d8dbc\" id=\"forminator-field-upload-1_69dfd669d8dbc-label\" class=\"forminator-label\">Pi\u00e8ce jointe :<\/label><div class=\"forminator-file-upload\" data-element=\"upload-1_69dfd669d8dbc\" aria-describedby=\"forminator-field-upload-1_69dfd669d8dbc-description\"><input type=\"file\" name=\"upload-1\" id=\"forminator-field-upload-1_69dfd669d8dbc\" class=\"forminator-input-file\" accept=\".jpg,.jpeg,.jpe,.gif,.png,.bmp,.tiff,.tif,.webp,.avif,.ico,.heic,.asf,.asx,.wmv,.wmx,.wm,.avi,.divx,.flv,.mov,.qt,.mpeg,.mpg,.mpe,.mp4,.m4v,.ogv,.webm,.mkv,.3gp,.3gpp,.3g2,.3gp2,.txt,.asc,.c,.cc,.h,.srt,.csv,.tsv,.ics,.rtx,.vtt,.mp3,.m4a,.m4b,.aac,.ra,.ram,.wav,.ogg,.oga,.flac,.mid,.midi,.wma,.wax,.mka,.rtf,.pdf,.class,.tar,.zip,.gz,.gzip,.7z,.psd,.xcf,.doc,.pot,.pps,.ppt,.wri,.xla,.xls,.xlt,.xlw,.mdb,.mpp,.docx,.docm,.dotx,.dotm,.xlsx,.xlsm,.xlsb,.xltx,.xltm,.xlam,.pptx,.pptm,.ppsx,.ppsm,.potx,.potm,.ppam,.sldx,.sldm,.onetoc,.onetoc2,.onetmp,.onepkg,.oxps,.xps,.odt,.odp,.ods,.odg,.odc,.odb,.odf,.wp,.wpd,.key,.numbers,.pages\" tabindex=\"-1\"><button id=\"forminator-field-upload-1_69dfd669d8dbc_button\" class=\"forminator-button forminator-button-upload\" data-id=\"forminator-field-upload-1_69dfd669d8dbc\">Kies bestand<\/button><span data-empty-text=\"Geen bestand gekozen\">Geen bestand gekozen<\/span><button class=\"forminator-button-delete\" style=\"display: none;\"><i class=\"forminator-icon-close\" aria-hidden=\"true\"><\/i><span class=\"forminator-screen-reader-only\">Ge\u00fcpload bestand verwijderen<\/span><\/button><\/div><span id=\"forminator-field-upload-1_69dfd669d8dbc-description\" class=\"forminator-description\">(exemple plan, permis,...)<\/span><\/div><\/div><\/div><div class=\"forminator-row\"><div id=\"consent-1\" class=\"forminator-field-consent forminator-col forminator-col-12  hide-label\"><div class=\"forminator-field\"><label for=\"forminator-field-consent-1_69dfd669d8dbc\" id=\"forminator-field-consent-1_69dfd669d8dbc-label\" class=\"forminator-label\">Consentement <span class=\"forminator-required\">*<\/span><\/label><div class=\"forminator-checkbox__wrapper\"><label id=\"forminator-field-consent-1_69dfd669d8dbc__label\" class=\"forminator-checkbox forminator-consent\"><input type=\"checkbox\" name=\"consent-1\" id=\"forminator-field-consent-1_69dfd669d8dbc\" value=\"checked\" aria-labelledby=\"forminator-field-consent-1_69dfd669d8dbc-label\" aria-describedby=\"forminator-field-consent-1_69dfd669d8dbc__description\" data-required=\"true\" aria-required=\"true\" \/><span class=\"forminator-checkbox-box\" aria-hidden=\"true\"><\/span><\/label><div id=\"forminator-field-consent-1_69dfd669d8dbc__description\" class=\"forminator-checkbox__label forminator-consent__label\"><div class=\"row\">\n<div class=\"columns full\">\n<div class=\"field\">Door het aanvinken van dit vakje en bij het indienen van dit formulier, ben ik het eens met het gebruik van mijn persoonlijke gegevens in verband met mijn verzoek en bevestig ik dat ik het privacy beleid gelezen heb. *<br>\n<p class=\"info-tip\">&nbsp;<\/p>\n<\/div>\n<\/div>\n<\/div><\/div><\/div><\/div><\/div><\/div><div class=\"forminator-row\"><div id=\"captcha-1\" class=\"forminator-field-captcha forminator-col forminator-col-12\"><div class=\"forminator-captcha-left forminator-g-recaptcha\" data-theme=\"light\"  data-sitekey=\"6Ld74HcqAAAAAI4N2pOvtxdK_Ow9btIA15lEAf33\" data-size=\"normal\"><\/div> <\/div><\/div><input type=\"hidden\" name=\"referer_url\" value=\"\" \/><div class=\"forminator-row forminator-row-last\"><div class=\"forminator-col\"><div class=\"forminator-field\"><button class=\"forminator-button forminator-button-submit w-100-btn\">Sturen<\/button><\/div><\/div><\/div><input type=\"hidden\" id=\"forminator_nonce\" name=\"forminator_nonce\" value=\"0e8ced9c90\" \/><input type=\"hidden\" name=\"_wp_http_referer\" value=\"\/nl\/wp-json\/wp\/v2\/pages\/26\" \/><input type=\"hidden\" name=\"form_id\" value=\"150\"><input type=\"hidden\" name=\"page_id\" value=\"26\"><input type=\"hidden\" name=\"form_type\" value=\"default\"><input type=\"hidden\" name=\"current_url\" value=\"https:\/\/remavo.be\/nl\/contact\/\"><input type=\"hidden\" name=\"render_id\" value=\"0\"><input type=\"hidden\" name=\"action\" value=\"forminator_submit_form_custom-forms\"><label for=\"input_7\" class=\"forminator-hidden\" aria-hidden=\"true\">Vul dit veld niet in. <input id=\"input_7\" type=\"text\" name=\"input_7\" value=\"\" autocomplete=\"off\"><\/label><input type=\"hidden\" name=\"trp-form-language\" value=\"nl\"\/><\/form><\/div>\n\t\t\t\t\t\t<\/div>\n\t\t\t\t<\/div>\n\t\t\t\t<\/div>\n\t\t<div class=\"elementor-element elementor-element-81398c8 e-con-full e-flex e-con e-child\" data-id=\"81398c8\" data-element_type=\"container\">\n\t\t\t\t<div class=\"elementor-element elementor-element-07c80d3 elementor-widget elementor-widget-heading\" data-id=\"07c80d3\" data-element_type=\"widget\" data-widget_type=\"heading.default\">\n\t\t\t\t<div class=\"elementor-widget-container\">\n\t\t\t\t\t<h2 class=\"elementor-heading-title elementor-size-default\">Contactgegevens\n<\/h2>\t\t\t\t<\/div>\n\t\t\t\t<\/div>\n\t\t\t\t<div class=\"elementor-element elementor-element-4aac860 elementor-widget elementor-widget-text-editor\" data-id=\"4aac860\" data-element_type=\"widget\" data-widget_type=\"text-editor.default\">\n\t\t\t\t<div class=\"elementor-widget-container\">\n\t\t\t\t\t\t\t\t\tHeb je een vraag of een project? Neem dan alvast contact met ons op! We zijn bereid om je de beste antwoorden te geven op je vragen of verzoeken met betrekking tot je projecten.\t\t\t\t\t\t\t\t<\/div>\n\t\t\t\t<\/div>\n\t\t\t\t<div class=\"elementor-element elementor-element-3ccf8ff elementor-widget elementor-widget-heading\" data-id=\"3ccf8ff\" data-element_type=\"widget\" data-widget_type=\"heading.default\">\n\t\t\t\t<div class=\"elementor-widget-container\">\n\t\t\t\t\t<h2 class=\"elementor-heading-title elementor-size-default\">Contact<\/h2>\t\t\t\t<\/div>\n\t\t\t\t<\/div>\n\t\t\t\t<div class=\"elementor-element elementor-element-117edbc elementor-icon-list--layout-traditional elementor-list-item-link-full_width elementor-widget elementor-widget-icon-list\" data-id=\"117edbc\" data-element_type=\"widget\" data-widget_type=\"icon-list.default\">\n\t\t\t\t<div class=\"elementor-widget-container\">\n\t\t\t\t\t\t\t<ul class=\"elementor-icon-list-items\">\n\t\t\t\t\t\t\t<li class=\"elementor-icon-list-item\">\n\t\t\t\t\t\t\t\t\t\t\t<span class=\"elementor-icon-list-icon\">\n\t\t\t\t\t\t\t<svg aria-hidden=\"true\" class=\"e-font-icon-svg e-fas-map-marker-alt\" viewbox=\"0 0 384 512\" xmlns=\"http:\/\/www.w3.org\/2000\/svg\"><path d=\"M172.268 501.67C26.97 291.031 0 269.413 0 192 0 85.961 85.961 0 192 0s192 85.961 192 192c0 77.413-26.97 99.031-172.268 309.67-9.535 13.774-29.93 13.773-39.464 0zM192 272c44.183 0 80-35.817 80-80s-35.817-80-80-80-80 35.817-80 80 35.817 80 80 80z\"><\/path><\/svg>\t\t\t\t\t\t<\/span>\n\t\t\t\t\t\t\t\t\t\t<span class=\"elementor-icon-list-text\">Rue de la Croix Rouge 41, 7740 Pecq<\/span>\n\t\t\t\t\t\t\t\t\t<\/li>\n\t\t\t\t\t\t\t\t<li class=\"elementor-icon-list-item\">\n\t\t\t\t\t\t\t\t\t\t\t<a href=\"mailto:j.cleppe@pierre-petit.be\">\n\n\t\t\t\t\t\t\t\t\t\t\t\t<span class=\"elementor-icon-list-icon\">\n\t\t\t\t\t\t\t<svg aria-hidden=\"true\" class=\"e-font-icon-svg e-fas-envelope\" viewbox=\"0 0 512 512\" xmlns=\"http:\/\/www.w3.org\/2000\/svg\"><path d=\"M502.3 190.8c3.9-3.1 9.7-.2 9.7 4.7V400c0 26.5-21.5 48-48 48H48c-26.5 0-48-21.5-48-48V195.6c0-5 5.7-7.8 9.7-4.7 22.4 17.4 52.1 39.5 154.1 113.6 21.1 15.4 56.7 47.8 92.2 47.6 35.7.3 72-32.8 92.3-47.6 102-74.1 131.6-96.3 154-113.7zM256 320c23.2.4 56.6-29.2 73.4-41.4 132.7-96.3 142.8-104.7 173.4-128.7 5.8-4.5 9.2-11.5 9.2-18.9v-19c0-26.5-21.5-48-48-48H48C21.5 64 0 85.5 0 112v19c0 7.4 3.4 14.3 9.2 18.9 30.6 23.9 40.7 32.4 173.4 128.7 16.8 12.2 50.2 41.8 73.4 41.4z\"><\/path><\/svg>\t\t\t\t\t\t<\/span>\n\t\t\t\t\t\t\t\t\t\t<span class=\"elementor-icon-list-text\">j.cleppe@pierre-petit.be<\/span>\n\t\t\t\t\t\t\t\t\t\t\t<\/a>\n\t\t\t\t\t\t\t\t\t<\/li>\n\t\t\t\t\t\t\t\t<li class=\"elementor-icon-list-item\">\n\t\t\t\t\t\t\t\t\t\t\t<a href=\"tel:003269362575\">\n\n\t\t\t\t\t\t\t\t\t\t\t\t<span class=\"elementor-icon-list-icon\">\n\t\t\t\t\t\t\t<svg aria-hidden=\"true\" class=\"e-font-icon-svg e-fas-phone-alt\" viewbox=\"0 0 512 512\" xmlns=\"http:\/\/www.w3.org\/2000\/svg\"><path d=\"M497.39 361.8l-112-48a24 24 0 0 0-28 6.9l-49.6 60.6A370.66 370.66 0 0 1 130.6 204.11l60.6-49.6a23.94 23.94 0 0 0 6.9-28l-48-112A24.16 24.16 0 0 0 122.6.61l-104 24A24 24 0 0 0 0 48c0 256.5 207.9 464 464 464a24 24 0 0 0 23.4-18.6l24-104a24.29 24.29 0 0 0-14.01-27.6z\"><\/path><\/svg>\t\t\t\t\t\t<\/span>\n\t\t\t\t\t\t\t\t\t\t<span class=\"elementor-icon-list-text\">069 36 25 75<\/span>\n\t\t\t\t\t\t\t\t\t\t\t<\/a>\n\t\t\t\t\t\t\t\t\t<\/li>\n\t\t\t\t\t\t<\/ul>\n\t\t\t\t\t\t<\/div>\n\t\t\t\t<\/div>\n\t\t\t\t<div class=\"elementor-element elementor-element-bc9c668 elementor-widget elementor-widget-heading\" data-id=\"bc9c668\" data-element_type=\"widget\" data-widget_type=\"heading.default\">\n\t\t\t\t<div class=\"elementor-widget-container\">\n\t\t\t\t\t<h2 class=\"elementor-heading-title elementor-size-default\">Dienstregeling\n<\/h2>\t\t\t\t<\/div>\n\t\t\t\t<\/div>\n\t\t\t\t<div class=\"elementor-element elementor-element-cdc8f79 elementor-widget elementor-widget-text-editor\" data-id=\"cdc8f79\" data-element_type=\"widget\" data-widget_type=\"text-editor.default\">\n\t\t\t\t<div class=\"elementor-widget-container\">\n\t\t\t\t\t\t\t\t\t<p>Maandag tot vrijdag : 07h00 \u00e0 16h30<br \/>Zaterdag en zondag gesloten<\/p>\t\t\t\t\t\t\t\t<\/div>\n\t\t\t\t<\/div>\n\t\t\t\t<\/div>\n\t\t\t\t\t<\/div>\n\t\t\t\t<\/div>\n\t\t\t\t<\/div>","protected":false},"excerpt":{"rendered":"<p>Formulaire de contact Informations de contact Une question ou un projet \u00e0 r\u00e9aliser ? Contactez-nous ! Nous sommes l\u00e0 pour r\u00e9pondre le plus efficacement possible \u00e0 vos questions ou demandes relatives \u00e0 vos projets. Nos coordonn\u00e9es &nbsp; Rue de la Croix Rouge 41, 7740 Pecq j.cleppe@pierre-petit.be 069 36 25 75 Horaires Lundi \u2013 Vendredi : [&hellip;]<\/p>","protected":false},"author":3,"featured_media":0,"parent":0,"menu_order":0,"comment_status":"closed","ping_status":"closed","template":"elementor_header_footer","meta":{"footnotes":""},"class_list":["post-26","page","type-page","status-publish","hentry"],"yoast_head":"<!-- This site is optimized with the Yoast SEO plugin v26.4 - https:\/\/yoast.com\/wordpress\/plugins\/seo\/ -->\n<title>Contact | Entreprise de recyclage de mat\u00e9riaux Pecq<\/title>\n<meta name=\"robots\" content=\"index, follow, max-snippet:-1, max-image-preview:large, max-video-preview:-1\" \/>\n<link rel=\"canonical\" href=\"https:\/\/remavo.be\/nl\/contact\/\" \/>\n<meta property=\"og:locale\" content=\"nl_BE\" \/>\n<meta property=\"og:type\" content=\"article\" \/>\n<meta property=\"og:title\" content=\"Contact | Entreprise de recyclage de mat\u00e9riaux Pecq\" \/>\n<meta property=\"og:description\" content=\"Formulaire de contact Informations de contact Une question ou un projet \u00e0 r\u00e9aliser ? Contactez-nous ! Nous sommes l\u00e0 pour r\u00e9pondre le plus efficacement possible \u00e0 vos questions ou demandes relatives \u00e0 vos projets. Nos coordonn\u00e9es &nbsp; Rue de la Croix Rouge 41, 7740 Pecq j.cleppe@pierre-petit.be 069 36 25 75 Horaires Lundi \u2013 Vendredi : [&hellip;]\" \/>\n<meta property=\"og:url\" content=\"https:\/\/remavo.be\/nl\/contact\/\" \/>\n<meta property=\"og:site_name\" content=\"Remavo\" \/>\n<meta property=\"article:modified_time\" content=\"2026-04-13T19:55:51+00:00\" \/>\n<meta name=\"twitter:card\" content=\"summary_large_image\" \/>\n<meta name=\"twitter:label1\" content=\"Geschatte leestijd\" \/>\n\t<meta name=\"twitter:data1\" content=\"1 minuut\" \/>\n<script type=\"application\/ld+json\" class=\"yoast-schema-graph\">{\"@context\":\"https:\/\/schema.org\",\"@graph\":[{\"@type\":\"WebPage\",\"@id\":\"https:\/\/remavo.be\/contact\/\",\"url\":\"https:\/\/remavo.be\/contact\/\",\"name\":\"Contact | Entreprise de recyclage de mat\u00e9riaux Pecq\",\"isPartOf\":{\"@id\":\"https:\/\/remavo.be\/#website\"},\"datePublished\":\"2024-09-02T19:53:17+00:00\",\"dateModified\":\"2026-04-13T19:55:51+00:00\",\"breadcrumb\":{\"@id\":\"https:\/\/remavo.be\/contact\/#breadcrumb\"},\"inLanguage\":\"nl-BE\",\"potentialAction\":[{\"@type\":\"ReadAction\",\"target\":[\"https:\/\/remavo.be\/contact\/\"]}]},{\"@type\":\"BreadcrumbList\",\"@id\":\"https:\/\/remavo.be\/contact\/#breadcrumb\",\"itemListElement\":[{\"@type\":\"ListItem\",\"position\":1,\"name\":\"Accueil\",\"item\":\"https:\/\/remavo.be\/\"},{\"@type\":\"ListItem\",\"position\":2,\"name\":\"Contact\"}]},{\"@type\":\"WebSite\",\"@id\":\"https:\/\/remavo.be\/#website\",\"url\":\"https:\/\/remavo.be\/\",\"name\":\"Remavo\",\"description\":\"Entreprise de recyclage de mat\u00e9riaux\",\"publisher\":{\"@id\":\"https:\/\/remavo.be\/#organization\"},\"potentialAction\":[{\"@type\":\"SearchAction\",\"target\":{\"@type\":\"EntryPoint\",\"urlTemplate\":\"https:\/\/remavo.be\/?s={search_term_string}\"},\"query-input\":{\"@type\":\"PropertyValueSpecification\",\"valueRequired\":true,\"valueName\":\"search_term_string\"}}],\"inLanguage\":\"nl-BE\"},{\"@type\":\"Organization\",\"@id\":\"https:\/\/remavo.be\/#organization\",\"name\":\"Remavo\",\"url\":\"https:\/\/remavo.be\/\",\"logo\":{\"@type\":\"ImageObject\",\"inLanguage\":\"nl-BE\",\"@id\":\"https:\/\/remavo.be\/#\/schema\/logo\/image\/\",\"url\":\"https:\/\/remavo.be\/wp-content\/uploads\/2024\/08\/REMAVO.jpg\",\"contentUrl\":\"https:\/\/remavo.be\/wp-content\/uploads\/2024\/08\/REMAVO.jpg\",\"width\":1500,\"height\":591,\"caption\":\"Remavo\"},\"image\":{\"@id\":\"https:\/\/remavo.be\/#\/schema\/logo\/image\/\"}}]}<\/script>\n<!-- \/ Yoast SEO plugin. -->","yoast_head_json":{"title":"Contact | Entreprise de recyclage de mat\u00e9riaux Pecq","robots":{"index":"index","follow":"follow","max-snippet":"max-snippet:-1","max-image-preview":"max-image-preview:large","max-video-preview":"max-video-preview:-1"},"canonical":"https:\/\/remavo.be\/nl\/contact\/","og_locale":"nl_BE","og_type":"article","og_title":"Contact | Entreprise de recyclage de mat\u00e9riaux Pecq","og_description":"Formulaire de contact Informations de contact Une question ou un projet \u00e0 r\u00e9aliser ? Contactez-nous ! Nous sommes l\u00e0 pour r\u00e9pondre le plus efficacement possible \u00e0 vos questions ou demandes relatives \u00e0 vos projets. Nos coordonn\u00e9es &nbsp; Rue de la Croix Rouge 41, 7740 Pecq j.cleppe@pierre-petit.be 069 36 25 75 Horaires Lundi \u2013 Vendredi : [&hellip;]","og_url":"https:\/\/remavo.be\/nl\/contact\/","og_site_name":"Remavo","article_modified_time":"2026-04-13T19:55:51+00:00","twitter_card":"summary_large_image","twitter_misc":{"Geschatte leestijd":"1 minuut"},"schema":{"@context":"https:\/\/schema.org","@graph":[{"@type":"WebPage","@id":"https:\/\/remavo.be\/contact\/","url":"https:\/\/remavo.be\/contact\/","name":"Contact | Entreprise de recyclage de mat\u00e9riaux Pecq","isPartOf":{"@id":"https:\/\/remavo.be\/#website"},"datePublished":"2024-09-02T19:53:17+00:00","dateModified":"2026-04-13T19:55:51+00:00","breadcrumb":{"@id":"https:\/\/remavo.be\/contact\/#breadcrumb"},"inLanguage":"nl-BE","potentialAction":[{"@type":"ReadAction","target":["https:\/\/remavo.be\/contact\/"]}]},{"@type":"BreadcrumbList","@id":"https:\/\/remavo.be\/contact\/#breadcrumb","itemListElement":[{"@type":"ListItem","position":1,"name":"Accueil","item":"https:\/\/remavo.be\/"},{"@type":"ListItem","position":2,"name":"Contact"}]},{"@type":"WebSite","@id":"https:\/\/remavo.be\/#website","url":"https:\/\/remavo.be\/","name":"Remavo","description":"Entreprise de recyclage de mat\u00e9riaux","publisher":{"@id":"https:\/\/remavo.be\/#organization"},"potentialAction":[{"@type":"SearchAction","target":{"@type":"EntryPoint","urlTemplate":"https:\/\/remavo.be\/?s={search_term_string}"},"query-input":{"@type":"PropertyValueSpecification","valueRequired":true,"valueName":"search_term_string"}}],"inLanguage":"nl-BE"},{"@type":"Organization","@id":"https:\/\/remavo.be\/#organization","name":"Remavo","url":"https:\/\/remavo.be\/","logo":{"@type":"ImageObject","inLanguage":"nl-BE","@id":"https:\/\/remavo.be\/#\/schema\/logo\/image\/","url":"https:\/\/remavo.be\/wp-content\/uploads\/2024\/08\/REMAVO.jpg","contentUrl":"https:\/\/remavo.be\/wp-content\/uploads\/2024\/08\/REMAVO.jpg","width":1500,"height":591,"caption":"Remavo"},"image":{"@id":"https:\/\/remavo.be\/#\/schema\/logo\/image\/"}}]}},"_links":{"self":[{"href":"https:\/\/remavo.be\/nl\/wp-json\/wp\/v2\/pages\/26","targetHints":{"allow":["GET"]}}],"collection":[{"href":"https:\/\/remavo.be\/nl\/wp-json\/wp\/v2\/pages"}],"about":[{"href":"https:\/\/remavo.be\/nl\/wp-json\/wp\/v2\/types\/page"}],"author":[{"embeddable":true,"href":"https:\/\/remavo.be\/nl\/wp-json\/wp\/v2\/users\/3"}],"replies":[{"embeddable":true,"href":"https:\/\/remavo.be\/nl\/wp-json\/wp\/v2\/comments?post=26"}],"version-history":[{"count":26,"href":"https:\/\/remavo.be\/nl\/wp-json\/wp\/v2\/pages\/26\/revisions"}],"predecessor-version":[{"id":604,"href":"https:\/\/remavo.be\/nl\/wp-json\/wp\/v2\/pages\/26\/revisions\/604"}],"wp:attachment":[{"href":"https:\/\/remavo.be\/nl\/wp-json\/wp\/v2\/media?parent=26"}],"curies":[{"name":"wp","href":"https:\/\/api.w.org\/{rel}","templated":true}]}}